{"id":2,"date":"2023-08-26T18:43:06","date_gmt":"2023-08-26T16:43:06","guid":{"rendered":"https:\/\/christina-bernhardt.de\/?page_id=2"},"modified":"2024-08-20T11:46:24","modified_gmt":"2024-08-20T09:46:24","slug":"beispiel-seite","status":"publish","type":"page","link":"https:\/\/christina-bernhardt.de\/index.php\/beispiel-seite\/","title":{"rendered":"Vita"},"content":{"rendered":"<div data-colibri-id=\"2-c1\" class=\"style-353 style-local-2-c1 position-relative\">\n  <!---->\n  <div data-colibri-component=\"section\" data-colibri-id=\"2-c2\" id=\"custom\" class=\"h-section h-section-global-spacing d-flex align-items-lg-center align-items-md-center align-items-center style-359 style-local-2-c2 position-relative\">\n    <!---->\n    <!---->\n    <div class=\"h-section-grid-container h-section-boxed-container\">\n      <!---->\n      <div data-colibri-id=\"2-c3\" class=\"h-row-container gutters-row-lg-2 gutters-row-md-2 gutters-row-0 gutters-row-v-lg-2 gutters-row-v-md-2 gutters-row-v-2 style-360 style-local-2-c3 position-relative\">\n        <!---->\n        <div class=\"h-row justify-content-lg-center justify-content-md-center justify-content-center align-items-lg-stretch align-items-md-stretch align-items-stretch gutters-col-lg-2 gutters-col-md-2 gutters-col-0 gutters-col-v-lg-2 gutters-col-v-md-2 gutters-col-v-2\">\n          <!---->\n          <div class=\"h-column h-column-container d-flex h-col-lg-12 h-col-md-12 h-col-12 style-361-outer style-local-2-c4-outer\">\n            <div data-colibri-id=\"2-c4\" class=\"d-flex h-flex-basis h-column__inner h-px-lg-2 h-px-md-2 h-px-2 v-inner-lg-2 v-inner-md-2 v-inner-2 style-361 style-local-2-c4 position-relative\">\n              <!---->\n              <!---->\n              <div class=\"w-100 h-y-container h-column__content h-column__v-align flex-basis-100 align-self-lg-start align-self-md-start align-self-start\">\n                <!---->\n                <div data-colibri-id=\"2-c5\" class=\"h-text h-text-component style-362 style-local-2-c5 position-relative h-element\">\n                  <!---->\n                  <!---->\n                  <div class=\"\">\n                    <p>Die Weimarer S\u00e4ngerin Christina Bernhardt schloss das Gesangsstudium an der HMT Leipzig in der Klasse von Prof. Berthold Schmid. Neben dem klassischen Repertoire engagiert sich die Sopranistin f\u00fcr die barocke sowie Neue Musik. Besondere\n                      Bereicherung im Barockgesang erhielt sie im Meisterkurs von Vivica Genaux. Weiterf\u00fchrend arbeitete sie mit Barock- und Belcanto-Literatur im Meisterkurs von Inga Kalna.<\/p>\n                    <p>\n                      <br>\n                    <\/p>\n                    <p>Aktuell widmet sich die Stimmk\u00fcnstlerin als Mitglied des Ensemblekollektivs Connect ihrer Leidenschaft der Neuen Musik. In einer kammermusikalischen Besetzung und einem Regie gef\u00fchrten In-Szene-Setzen kreierte die S\u00e4ngerin die Programme\n                      \u201eEmotion &amp; Swing\u201c (2018), \u201eRomantik mit Abstand\u201c (2020) und \u201eEfeuranke\u201c(2016) mit. Die Vielseitigkeit ihrer musikalischen Pers\u00f6nlichkeit lebt Christina ebenfalls als erfahrene Gesangsp\u00e4dagogin aus.<\/p>\n                    <p>\n                      <br>\n                    <\/p>\n                    <p>Im Musiktheater wurde sie f\u00fcr die Titelrollen an der Pasinger Fabrik in M\u00fcnchen und der Kammeroper K\u00f6ln besetzt. Nach der Darbietung der Dorina in der Farsa \u201eBelle ciarle, e tristi fatti\u201c (S.Mayr) unter der Mitwirkung des Georgischen\n                      Kammerorchesters auf der B\u00fchne des Theaters Ingolstadt, erarbeitete Christina Bernhardt die Partie der Susanna aus \u201cLe Nozze di Figaro\u201d im Dirigiermeisterkurs mit Prof. Sandmann.<\/p>\n                    <p>\n                      <br>\n                    <\/p>\n                    <p>Die SZ 2018\/19-19\/20 brachte der S\u00e4ngerin Gastengagements am Theater Altenburg Gera mit den Partien Antigone (\u201eOedipe\u201c, G. Enescu), Lady Astor (\u201eUntergang der Titanic\u201c, W.D. Siebert) und zwei Konzertprogrammen. Christina Bernhardt\n                      war au\u00dferdem bereits als Gretel (\u201eH\u00e4nsel und Gretel\u201c), Prinzessin (\u201eDer gestiefelte Kater\u201c), K\u00fcchenjunge (\u201eRusalka\u201c), Papagena, u.a. auf der B\u00fchne zu sehen.<\/p>\n                    <p>\n                      <br>\n                    <\/p>\n                    <p>In den Jahren 2021-23 erschien Christina als M\u00fcllerstochter im Musical \u201eKrabat\u201c und genoss zahlreiche Auftritte mit dem Trio Youkali.<\/p>\n                    <p>\n                      <br>\n                    <\/p>\n                  <\/div>\n                <\/div>\n              <\/div>\n            <\/div>\n          <\/div>\n        <\/div>\n      <\/div>\n    <\/div>\n  <\/div>\n<\/div>","protected":false},"excerpt":{"rendered":"<p>Die Weimarer S\u00e4ngerin Christina Bernhardt schloss das Gesangsstudium an der HMT Leipzig in der Klasse von Prof. Berthold Schmid. Neben dem klassischen Repertoire engagiert sich die Sopranistin f\u00fcr die barocke sowie Neue Musik. Besondere Bereicherung im Barockgesang erhielt sie im Meisterkurs von Vivica Genaux. Weiterf\u00fchrend arbeitete sie mit Barock- und Belcanto-Literatur im Meisterkurs von Inga [&hellip;]<\/p>\n","protected":false},"author":1,"featured_media":0,"parent":0,"menu_order":0,"comment_status":"closed","ping_status":"open","template":"page-templates\/full-width-page.php","meta":{"footnotes":""},"class_list":["post-2","page","type-page","status-publish","hentry"],"_links":{"self":[{"href":"https:\/\/christina-bernhardt.de\/index.php\/wp-json\/wp\/v2\/pages\/2","targetHints":{"allow":["GET"]}}],"collection":[{"href":"https:\/\/christina-bernhardt.de\/index.php\/wp-json\/wp\/v2\/pages"}],"about":[{"href":"https:\/\/christina-bernhardt.de\/index.php\/wp-json\/wp\/v2\/types\/page"}],"author":[{"embeddable":true,"href":"https:\/\/christina-bernhardt.de\/index.php\/wp-json\/wp\/v2\/users\/1"}],"replies":[{"embeddable":true,"href":"https:\/\/christina-bernhardt.de\/index.php\/wp-json\/wp\/v2\/comments?post=2"}],"version-history":[{"count":6,"href":"https:\/\/christina-bernhardt.de\/index.php\/wp-json\/wp\/v2\/pages\/2\/revisions"}],"predecessor-version":[{"id":444,"href":"https:\/\/christina-bernhardt.de\/index.php\/wp-json\/wp\/v2\/pages\/2\/revisions\/444"}],"wp:attachment":[{"href":"https:\/\/christina-bernhardt.de\/index.php\/wp-json\/wp\/v2\/media?parent=2"}],"curies":[{"name":"wp","href":"https:\/\/api.w.org\/{rel}","templated":true}]}}