{"id":282,"date":"2023-10-29T10:34:15","date_gmt":"2023-10-29T09:34:15","guid":{"rendered":"https:\/\/christina-bernhardt.de\/?page_id=282"},"modified":"2023-10-29T10:49:10","modified_gmt":"2023-10-29T09:49:10","slug":"oratorium","status":"publish","type":"page","link":"https:\/\/christina-bernhardt.de\/index.php\/oratorium\/","title":{"rendered":"Oratorium"},"content":{"rendered":"<div data-colibri-id=\"282-c1\" class=\"style-414 style-local-282-c1 position-relative\">\n  <!---->\n  <div data-colibri-component=\"section\" data-colibri-id=\"282-c2\" id=\"initial-content\" class=\"h-section h-section-global-spacing d-flex align-items-lg-center align-items-md-center align-items-center style-415 style-local-282-c2 position-relative\">\n    <!---->\n    <!---->\n    <div class=\"h-section-grid-container h-section-boxed-container\">\n      <!---->\n      <div data-colibri-id=\"282-c3\" class=\"h-row-container gutters-row-lg-2 gutters-row-md-2 gutters-row-0 gutters-row-v-lg-2 gutters-row-v-md-2 gutters-row-v-2 style-416 style-local-282-c3 position-relative\">\n        <!---->\n        <div class=\"h-row justify-content-lg-center justify-content-md-center justify-content-center align-items-lg-stretch align-items-md-stretch align-items-stretch gutters-col-lg-2 gutters-col-md-2 gutters-col-0 gutters-col-v-lg-2 gutters-col-v-md-2 gutters-col-v-2\">\n          <!---->\n          <div class=\"h-column h-column-container d-flex h-col-lg-auto h-col-md-auto h-col-auto style-417-outer style-local-282-c4-outer\">\n            <div data-colibri-id=\"282-c4\" class=\"d-flex h-flex-basis h-column__inner h-px-lg-2 h-px-md-2 h-px-2 v-inner-lg-2 v-inner-md-2 v-inner-2 style-417 style-local-282-c4 position-relative\">\n              <!---->\n              <!---->\n              <div class=\"w-100 h-y-container h-column__content h-column__v-align flex-basis-100 align-self-lg-start align-self-md-start align-self-start\">\n                <!---->\n                <div data-colibri-id=\"282-c5\" class=\"style-418 style-local-282-c5 position-relative h-element\">\n                  <!---->\n                  <div>\n                    \n                    <p><strong>A. Vivaldi<\/strong><\/p>\n                    \n\n                    \n                    <p>Gloria, KV 589<\/p>\n                    \n\n                    \n                    <p><strong>G.B. Pergolesi<\/strong><\/p>\n                    \n\n                    \n                    <p>Stabat mater<\/p>\n                    \n\n                    \n                    <p><strong>W.A. Mozart<\/strong><\/p>\n                    \n\n                    \n                    <p>Requiem in D-Moll<\/p>\n                    \n\n                    \n                    <p><strong>F. Schubert<\/strong><\/p>\n                    \n\n                    \n                    <p>Messe in As-Dur<\/p>\n                    \n\n                    \n                    <p><strong>F. Mendelssohn-Bartholdy<\/strong><\/p>\n                    \n\n                    \n                    <p>Psalm 42<\/p>\n                    \n\n                    \n                    <p><strong>E. Zeisl<\/strong><\/p>\n                    \n\n                    \n                    <p>Requiem Ebraico<\/p>\n                    \n\n                    \n                    <p><strong>A.D. Wolf<\/strong><\/p>\n                    \n\n                    \n                    <p>Loblied und Abgesang (Urauff\u00fchrung)<\/p>\n                    \n\n                    \n                    <p><strong>J.S. Bach<\/strong><\/p>\n                    \n\n                    \n                    <p>Weihnachtsoratorium<\/p>\n                    \n\n                    \n                    <p>Matth\u00e4us-Passion<\/p>\n                    \n\n                    \n                    <p><strong>G.F. H\u00e4ndel<\/strong><\/p>\n                    \n\n                    \n                    <p>Messiah<\/p>\n                    \n\n                    \n                    <p><strong>W.A. Mozart<\/strong><\/p>\n                    \n\n                    \n                    <p>Messe in C-Moll<\/p>\n                    \n\n                    \n                    <p><strong>J. Haydn<\/strong><\/p>\n                    \n\n                    \n                    <p>Sch\u00f6pfung<\/p>\n                    \n                  <\/div>\n                <\/div>\n              <\/div>\n            <\/div>\n          <\/div>\n        <\/div>\n      <\/div>\n      <div data-colibri-id=\"282-c6\" class=\"h-row-container gutters-row-lg-2 gutters-row-md-2 gutters-row-0 gutters-row-v-lg-2 gutters-row-v-md-2 gutters-row-v-2 style-419 style-local-282-c6 position-relative\">\n        <!---->\n        <div class=\"h-row justify-content-lg-center justify-content-md-center justify-content-center align-items-lg-stretch align-items-md-stretch align-items-stretch gutters-col-lg-2 gutters-col-md-2 gutters-col-0 gutters-col-v-lg-2 gutters-col-v-md-2 gutters-col-v-2\">\n          <!---->\n          <div class=\"h-column h-column-container d-flex h-col-lg-auto h-col-md-auto h-col-auto style-420-outer style-local-282-c7-outer\">\n            <div data-colibri-id=\"282-c7\" class=\"d-flex h-flex-basis h-column__inner h-px-lg-2 h-px-md-2 h-px-2 v-inner-lg-2 v-inner-md-2 v-inner-2 style-420 style-local-282-c7 position-relative\">\n              <!---->\n              <!---->\n              <div class=\"w-100 h-y-container h-column__content h-column__v-align flex-basis-100 align-self-lg-start align-self-md-start align-self-start\">\n                <!---->\n                <div data-colibri-id=\"282-c9\" class=\"h-x-container style-422 style-local-282-c9 position-relative h-element\">\n                  <!---->\n                  <div class=\"h-x-container-inner style-dynamic-282-c9-group style-422-spacing style-local-282-c9-spacing\"><span class=\"h-link__outer style-423-outer style-local-282-c10-outer d-inline-flex h-element\"><a h-use-smooth-scroll=\"true\" href=\"https:\/\/christina-bernhardt.de\/index.php\/musiktheater\/\"  data-colibri-id=\"282-c10\" class=\"d-flex w-100 align-items-center h-link style-423 style-local-282-c10 position-relative\"><!----><span  class=\"h-svg-icon h-link__icon style-423-icon style-local-282-c10-icon\"><!--Icon by Font Awesome (https:\/\/fontawesome.com)-->\n    <svg version=\"1.1\" xmlns=\"http:\/\/www.w3.org\/2000\/svg\" xmlns:xlink=\"http:\/\/www.w3.org\/1999\/xlink\" id=\"chevron-right\" viewBox=\"0 0 1280 1896.0833\">\n      <path d=\"M1107 877l-742 742q-19 19-45 19t-45-19l-166-166q-19-19-19-45t19-45l531-531-531-531q-19-19-19-45t19-45L275 45q19-19 45-19t45 19l742 742q19 19 19 45t-19 45z\"><\/path>\n    <\/svg><\/span> <span>Musiktheater<\/span><\/a>\n                    <\/span>\n                  <\/div>\n                <\/div>\n              <\/div>\n            <\/div>\n          <\/div>\n        <\/div>\n      <\/div>\n    <\/div>\n  <\/div>\n<\/div>","protected":false},"excerpt":{"rendered":"<p>A. Vivaldi Gloria, KV 589 G.B. Pergolesi Stabat mater W.A. Mozart Requiem in D-Moll F. Schubert Messe in As-Dur F. Mendelssohn-Bartholdy Psalm 42 E. Zeisl Requiem Ebraico A.D. Wolf Loblied und Abgesang (Urauff\u00fchrung) J.S. Bach Weihnachtsoratorium Matth\u00e4us-Passion G.F. H\u00e4ndel Messiah W.A. Mozart Messe in C-Moll J. Haydn Sch\u00f6pfung Musiktheater<\/p>\n","protected":false},"author":1,"featured_media":0,"parent":0,"menu_order":0,"comment_status":"closed","ping_status":"closed","template":"page-templates\/full-width-page.php","meta":{"footnotes":""},"class_list":["post-282","page","type-page","status-publish","hentry"],"_links":{"self":[{"href":"https:\/\/christina-bernhardt.de\/index.php\/wp-json\/wp\/v2\/pages\/282","targetHints":{"allow":["GET"]}}],"collection":[{"href":"https:\/\/christina-bernhardt.de\/index.php\/wp-json\/wp\/v2\/pages"}],"about":[{"href":"https:\/\/christina-bernhardt.de\/index.php\/wp-json\/wp\/v2\/types\/page"}],"author":[{"embeddable":true,"href":"https:\/\/christina-bernhardt.de\/index.php\/wp-json\/wp\/v2\/users\/1"}],"replies":[{"embeddable":true,"href":"https:\/\/christina-bernhardt.de\/index.php\/wp-json\/wp\/v2\/comments?post=282"}],"version-history":[{"count":2,"href":"https:\/\/christina-bernhardt.de\/index.php\/wp-json\/wp\/v2\/pages\/282\/revisions"}],"predecessor-version":[{"id":334,"href":"https:\/\/christina-bernhardt.de\/index.php\/wp-json\/wp\/v2\/pages\/282\/revisions\/334"}],"wp:attachment":[{"href":"https:\/\/christina-bernhardt.de\/index.php\/wp-json\/wp\/v2\/media?parent=282"}],"curies":[{"name":"wp","href":"https:\/\/api.w.org\/{rel}","templated":true}]}}